{"id":991,"date":"2022-02-04T18:56:55","date_gmt":"2022-02-04T17:56:55","guid":{"rendered":"https:\/\/www.mcyacht.it\/?page_id=991"},"modified":"2022-03-15T10:09:42","modified_gmt":"2022-03-15T09:09:42","slug":"cookie-policy","status":"publish","type":"page","link":"https:\/\/www.mcyacht.it\/en\/cookie-policy\/","title":{"rendered":"Cookie Policy"},"content":{"rendered":"<div class=\"wpb-content-wrapper\"><div class=\"vc_row wpb_row vc_row-fluid wpb_animate_when_almost_visible wpb_left-to-right left-to-right vc_row-o-content-middle vc_row-flex wpex-vc-full-width-row wpex-vc-full-width-row--centered wpex-relative\"><div class=\"wpb_column vc_column_container vc_col-sm-12\"><div class=\"vc_column-inner\"><div class=\"wpb_wrapper\"><div class=\"vcex-spacing wpex-w-100 wpex-clear\" style=\"height:15px;\"><\/div>\n\t<div style=\"text-align:center;\" class=\"wpb_text_column wpb_content_element\" >\n\t\t<div class=\"wpb_wrapper\">\n\t\t\t<h1 class=\"p1\" style=\"text-align: center;\"><b>COOKIE POLICY<br \/>\n<\/b><\/h1>\n\n\t\t<\/div>\n\t<\/div>\n<div class=\"vcex-module vcex-divider vcex-divider-solid wpb_animate_when_almost_visible wpb_left-to-right left-to-right vcex-divider-center wpex-mx-auto wpex-max-w-100 wpex-block wpex-h-0 wpex-border-b wpex-border-solid wpex-border-main\" style=\"width:60px;margin-block-start:15px;margin-block-end:10px;border-bottom-width:4px;border-color:#83c6d5;\"><\/div><\/div><\/div><\/div><\/div><div class=\"vc_row wpb_row vc_row-fluid vc_custom_1641488826979 wpex-relative\"><div class=\"wpb_column vc_column_container vc_col-sm-12\"><div class=\"vc_column-inner\"><div class=\"wpb_wrapper\">\n\t<div style=\"color:#ffffff;\" class=\"wpb_text_column has-custom-color wpex-child-inherit-color wpb_content_element\" >\n\t\t<div class=\"wpb_wrapper\">\n\t\t\t<div class=\"cli_pg_page_contaner\">\n<h3 style=\"text-align: justify;\">Informazioni sulla politica dei cookie<\/h3>\n<div style=\"text-align: justify;\">\n<p>Questa Cookie Policy spiega cosa sono i cookie e come li utilizziamo, i tipi di cookie che utilizziamo, ovvero le informazioni che raccogliamo utilizzando i cookie e come tali informazioni vengono utilizzate e come controllare le preferenze sui cookie. Per ulteriori informazioni su come utilizziamo, archiviamo e proteggiamo i tuoi dati personali, consulta la nostra Informativa sulla privacy.Puoi in qualsiasi momento modificare o revocare il tuo consenso dalla Dichiarazione sui cookie sul nostro sito webScopri di pi\u00f9 su chi siamo, come puoi contattarci e come trattiamo i dati personali nella nostra Informativa sulla privacy.Il tuo consenso si applica ai seguenti domini: https:\/\/www.mcyacht.it<\/p>\n<p><strong><div class=\"cli_user_consent_state\">Your current state: No consent given. <a class=\"cli_manage_current_consent\" style=\"cursor:pointer;text-decoration:underline;\">Manage your consent.<\/a> <\/div><\/strong><\/p>\n<\/div>\n<h3 style=\"text-align: justify;\">Cosa sono i cookie?<\/h3>\n<div style=\"text-align: justify;\">I cookie sono piccoli file di testo che vengono utilizzati per memorizzare piccole informazioni. Vengono memorizzati sul tuo dispositivo quando il sito web viene caricato sul tuo browser. Questi cookie ci aiutano a far funzionare correttamente il sito Web, a renderlo pi\u00f9 sicuro, a fornire una migliore esperienza utente e a capire come funziona il sito Web e ad analizzare cosa funziona e dove necessita di miglioramenti.<\/div>\n<h3 style=\"text-align: justify;\">Come utilizziamo i cookie?<\/h3>\n<div style=\"text-align: justify;\">Come la maggior parte dei servizi online, il nostro sito Web utilizza cookie proprietari e di terze parti per diversi scopi. I cookie di prima parte sono per lo pi\u00f9 necessari per il corretto funzionamento del sito Web e non raccolgono alcun dato di identificazione personale.I cookie di terze parti utilizzati sul nostro sito Web servono principalmente a capire come funziona il sito Web, come interagisci con il nostro sito Web, mantenendo i nostri servizi sicuri, fornendo annunci pubblicitari pertinenti per te e, tutto sommato, fornendoti un utente migliore e migliorato esperienza e contribuire ad accelerare le vostre interazioni future con il nostro sito web.<\/div>\n<h3 style=\"text-align: justify;\">Quali tipi di cookie utilizziamo?<\/h3>\n<div style=\"text-align: justify;\">Essenziali: alcuni cookie sono essenziali per poter provare la piena funzionalit\u00e0 del nostro sito. Ci consentono di mantenere le sessioni utente e prevenire eventuali minacce alla sicurezza. Non raccolgono n\u00e9 memorizzano alcuna informazione personale. Ad esempio, questi cookie ti consentono di accedere al tuo account e aggiungere prodotti al carrello e effettuare il checkout in modo sicuro.Statistiche: questi cookie memorizzano informazioni come il numero di visitatori del sito Web, il numero di visitatori unici, quali pagine del sito Web sono state visitate, l&#8217;origine della visita, ecc. Questi dati ci aiutano a capire e analizzare le prestazioni del sito Web e dove ha bisogno di miglioramenti.Marketing: il nostro sito Web visualizza annunci pubblicitari. Questi cookie vengono utilizzati per personalizzare gli annunci pubblicitari che ti mostriamo in modo che siano significativi per te. Questi cookie ci aiutano anche a tenere traccia dell&#8217;efficienza di queste campagne pubblicitarie.Le informazioni memorizzate in questi cookie possono essere utilizzate anche dai fornitori di annunci di terze parti per mostrarti annunci anche su altri siti Web sul browser.Funzionali: Questi sono i cookie che aiutano alcune funzionalit\u00e0 non essenziali sul nostro sito web. Queste funzionalit\u00e0 includono l&#8217;incorporamento di contenuti come video o la condivisione di contenuti del sito Web su piattaforme di social media.Preferenze: questi cookie ci aiutano a memorizzare le tue impostazioni e preferenze di navigazione come le preferenze di lingua in modo che tu possa avere un&#8217;esperienza migliore ed efficiente nelle visite future al sito web.<p>L&#039;elenco seguente descrive in dettaglio i cookie utilizzati nel nostro sito web.<\/p><table class=\"cookielawinfo-row-cat-table cookielawinfo-classic\"><thead><tr><th class=\"cookielawinfo-column-1\">Cookie<\/th><th class=\"cookielawinfo-column-4\">Description<\/th><\/tr><\/thead><tbody><tr class=\"cookielawinfo-row\"><td class=\"cookielawinfo-column-1\">cookielawinfo-checkbox-analytics<\/td><td class=\"cookielawinfo-column-4\">This cookie is set by GDPR Cookie Consent plugin. The cookie is used to store the user consent for the cookies in the category \"Analytics\".<\/td><\/tr><tr class=\"cookielawinfo-row\"><td class=\"cookielawinfo-column-1\">cookielawinfo-checkbox-functional<\/td><td class=\"cookielawinfo-column-4\">The cookie is set by GDPR cookie consent to record the user consent for the cookies in the category \"Functional\".<\/td><\/tr><tr class=\"cookielawinfo-row\"><td class=\"cookielawinfo-column-1\">cookielawinfo-checkbox-necessary<\/td><td class=\"cookielawinfo-column-4\">This cookie is set by GDPR Cookie Consent plugin. The cookies is used to store the user consent for the cookies in the category \"Necessary\".<\/td><\/tr><tr class=\"cookielawinfo-row\"><td class=\"cookielawinfo-column-1\">cookielawinfo-checkbox-others<\/td><td class=\"cookielawinfo-column-4\">This cookie is set by GDPR Cookie Consent plugin. The cookie is used to store the user consent for the cookies in the category \"Other.<\/td><\/tr><tr class=\"cookielawinfo-row\"><td class=\"cookielawinfo-column-1\">cookielawinfo-checkbox-performance<\/td><td class=\"cookielawinfo-column-4\">This cookie is set by GDPR Cookie Consent plugin. The cookie is used to store the user consent for the cookies in the category \"Performance\".<\/td><\/tr><tr class=\"cookielawinfo-row\"><td class=\"cookielawinfo-column-1\">viewed_cookie_policy<\/td><td class=\"cookielawinfo-column-4\">The cookie is set by the GDPR Cookie Consent plugin and is used to store whether or not user has consented to the use of cookies. It does not store any personal data.<\/td><\/tr><\/tbody><\/table><\/div>\n<h3 style=\"text-align: justify;\">Come posso controllare le preferenze sui cookie?<\/h3>\n<div style=\"text-align: justify;\">Se decidi di modificare le tue preferenze in un secondo momento durante la sessione di navigazione, puoi fare clic sul pulsante seguente <strong><a class=\"wt-cli-manage-consent-link\">Manage consent<\/a><\/strong>. Questo visualizzer\u00e0 nuovamente l&#8217;avviso di consenso che ti consentir\u00e0 di modificare le tue preferenze o ritirare completamente il tuo consenso.Oltre a ci\u00f2, browser diversi forniscono metodi diversi per bloccare ed eliminare i cookie utilizzati dai siti web. Puoi modificare le impostazioni del tuo browser per bloccare\/cancellare i cookie.<\/div>\n<\/div>\n<div style=\"text-align: justify;\"><\/div>\n<div>\n<div class=\"wpb_text_column has-custom-color wpex-child-inherit-color wpb_content_element\" style=\"text-align: justify;\">\n<div class=\"wpb_wrapper\">\n<div class=\"page\" title=\"Page 1\">\n<div class=\"section\">\n<div class=\"layoutArea\">\n<div class=\"column\">\n<p>Per Sua comodit\u00e0 riportiamo qua di seguito gli indirizzi web dei browser pi\u00f9 diffusi cos\u00ec da poter eventualmente modificare le Sue impostazioni in merito ai cookie.<\/p>\n<p><a href=\"http:\/\/windows.microsoft.com\/it-IT\/windows-vista\/Block-or-allow-cookies\" target=\"_blank\" rel=\"noopener\">ExplorerTM<\/a><br \/>\n<a href=\"http:\/\/www.apple.com\/legal\/privacy\/it\/cookies\/\" target=\"_blank\" rel=\"noopener\">SafariTM<\/a><a href=\"http:\/\/www.apple.com\/legal\/privacy\/it\/cookies\/\" target=\"_blank\" rel=\"noopener\"><br \/>\n<\/a><a href=\"https:\/\/support.google.com\/chrome\/answer\/95647?hl=it&amp;hlrm=it\" target=\"_blank\" rel=\"noopener\">ChromeTM<\/a><br \/>\n<a href=\"http:\/\/support.mozilla.org\/it\/kb\/Attivare%20e%20disattivare%20i%20cookie\" target=\"_blank\" rel=\"noopener\">FirefoxTM<\/a><br \/>\n<a href=\"https:\/\/help.opera.com\/en\/latest\/web-preferences\/#cookies\" target=\"_blank\" rel=\"noopener\">OperaTM<\/a><\/p>\n<p>I cookie di Google Analytics possono essere rifiutati anche seguendo la procedura indicata da Google (<a href=\"https:\/\/tools.google.com\/dlpage\/gaoptout?hl=it\" target=\"_blank\" rel=\"noopener\">https:\/\/tools.google.com\/dlpage\/gaoptout?hl=it<\/a>).<\/p>\n<\/div>\n<\/div>\n<\/div>\n<\/div>\n<div class=\"page\" title=\"Page 2\"><\/div>\n<\/div>\n<\/div>\n<div class=\"wpb_text_column has-custom-color wpex-child-inherit-color wpb_content_element\" style=\"text-align: justify;\">\n<div class=\"wpb_wrapper\">\n<div class=\"page\" title=\"Page 1\">\n<div class=\"layoutArea\">\n<div class=\"column\">\n<p>Il mancato rifiuto dei cookie di Google implica consenso al trattamento dei dati dell\u2019utente da parte di Google, per le modalit\u00e0 e finalit\u00e0 sopraindicate. Per consultare l\u2019informativa privacy relativa al servizio Google Analytics, si prega di visitare il relativo sito.<br \/>\nIl nostro sito rimarr\u00e0 comunque pienamente fruibile anche laddove abbia deciso di disattivare la funzione di monitoraggio. Per un opt-out permanente, il browser deve accettare cookie permanenti. Se il Suo browser non accetta i cookie permanenti, allora non \u00e8 tecnicamente possibile registrare l\u2019opt-out. Si prega di utilizzare le funzionalit\u00e0 del proprio browser per disattivare il monitoraggio (si veda in proposito il sito\u00a0<a href=\"http:\/\/www.allaboutcookies.org\/\" target=\"_blank\" rel=\"noopener\">www.allaboutcookies.org<\/a>).<\/p>\n<\/div>\n<\/div>\n<\/div>\n<div class=\"page\" title=\"Page 2\"><\/div>\n<\/div>\n<\/div>\n<div class=\"wpb_text_column has-custom-color wpex-child-inherit-color wpb_content_element\">\n<div class=\"wpb_wrapper\">\n<div class=\"page\" title=\"Page 1\">\n<div class=\"layoutArea\">\n<div class=\"column\">\n<p style=\"text-align: justify;\">L\u2019integrazione di Google Maps comporta l\u2019installazione di alcuni cookie, i quali permettono a Google Maps di ricordare il browser in uso e quali preferenze si sono impostate quando si visualizzano mappe. La privacy policy di Google \u00e8 consultabile all\u2019indirizzo:\u00a0<a href=\"http:\/\/www.google.com\/policies\/technologies\/cookies\/\" target=\"_blank\" rel=\"noopener\">https:\/\/www.google.com\/policies\/technologies\/cookies\/<\/a><\/p>\n<\/div>\n<\/div>\n<\/div>\n<\/div>\n<\/div>\n<\/div>\n\n\t\t<\/div>\n\t<\/div>\n<\/div><\/div><\/div><\/div>\n<\/div>","protected":false},"excerpt":{"rendered":"COOKIE POLICY Informazioni sulla politica dei cookie Questa Cookie Policy spiega cosa sono i cookie e come li utilizziamo, i tipi di cookie che utilizziamo, ovvero le informazioni che raccogliamo utilizzando i cookie e come tali informazioni vengono utilizzate e come controllare le preferenze sui cookie. Per ulteriori informazioni su come utilizziamo, archiviamo e proteggiamo&hellip;","protected":false},"author":1,"featured_media":0,"parent":0,"menu_order":0,"comment_status":"closed","ping_status":"closed","template":"","meta":{"_acf_changed":false,"footnotes":""},"class_list":["post-991","page","type-page","status-publish","hentry","entry","no-media"],"acf":[],"_links":{"self":[{"href":"https:\/\/www.mcyacht.it\/en\/wp-json\/wp\/v2\/pages\/991","targetHints":{"allow":["GET"]}}],"collection":[{"href":"https:\/\/www.mcyacht.it\/en\/wp-json\/wp\/v2\/pages"}],"about":[{"href":"https:\/\/www.mcyacht.it\/en\/wp-json\/wp\/v2\/types\/page"}],"author":[{"embeddable":true,"href":"https:\/\/www.mcyacht.it\/en\/wp-json\/wp\/v2\/users\/1"}],"replies":[{"embeddable":true,"href":"https:\/\/www.mcyacht.it\/en\/wp-json\/wp\/v2\/comments?post=991"}],"version-history":[{"count":3,"href":"https:\/\/www.mcyacht.it\/en\/wp-json\/wp\/v2\/pages\/991\/revisions"}],"predecessor-version":[{"id":2144,"href":"https:\/\/www.mcyacht.it\/en\/wp-json\/wp\/v2\/pages\/991\/revisions\/2144"}],"wp:attachment":[{"href":"https:\/\/www.mcyacht.it\/en\/wp-json\/wp\/v2\/media?parent=991"}],"curies":[{"name":"wp","href":"https:\/\/api.w.org\/{rel}","templated":true}]}}