{"id":1267,"date":"2022-02-17T09:37:33","date_gmt":"2022-02-17T08:37:33","guid":{"rendered":"https:\/\/www.mcyacht.it\/?page_id=1267"},"modified":"2022-03-15T10:10:06","modified_gmt":"2022-03-15T09:10:06","slug":"privacy-policy","status":"publish","type":"page","link":"https:\/\/www.mcyacht.it\/en\/privacy-policy\/","title":{"rendered":"Privacy Policy"},"content":{"rendered":"<div class=\"wpb-content-wrapper\"><div class=\"vc_row wpb_row vc_row-fluid wpb_animate_when_almost_visible wpb_left-to-right left-to-right vc_row-o-content-middle vc_row-flex wpex-vc-full-width-row wpex-vc-full-width-row--centered wpex-relative\"><div class=\"wpb_column vc_column_container vc_col-sm-12\"><div class=\"vc_column-inner\"><div class=\"wpb_wrapper\"><div class=\"vcex-spacing wpex-w-100 wpex-clear\" style=\"height:15px;\"><\/div>\n\t<div style=\"text-align:center;\" class=\"wpb_text_column wpb_content_element\" >\n\t\t<div class=\"wpb_wrapper\">\n\t\t\t<h1 class=\"p1\" style=\"text-align: center;\"><b>PRIVACY POLICY<br \/>\n<\/b><\/h1>\n\n\t\t<\/div>\n\t<\/div>\n<div class=\"vcex-module vcex-divider vcex-divider-solid wpb_animate_when_almost_visible wpb_left-to-right left-to-right vcex-divider-center wpex-mx-auto wpex-max-w-100 wpex-block wpex-h-0 wpex-border-b wpex-border-solid wpex-border-main\" style=\"width:60px;margin-block-start:15px;margin-block-end:10px;border-bottom-width:4px;border-color:#83c6d5;\"><\/div><\/div><\/div><\/div><\/div><div class=\"vc_row wpb_row vc_row-fluid vc_custom_1641488826979 wpex-relative\"><div class=\"wpb_column vc_column_container vc_col-sm-12\"><div class=\"vc_column-inner\"><div class=\"wpb_wrapper\">\n\t<div style=\"color:#ffffff;\" class=\"wpb_text_column has-custom-color wpex-child-inherit-color wpb_content_element\" >\n\t\t<div class=\"wpb_wrapper\">\n\t\t\t<p class=\"p1\" style=\"text-align: justify;\"><span class=\"s1\"><b>INFORMATIVA SUL TRATTAMENTO DEI DATI PERSONALI<\/b><\/span><\/p>\n<p class=\"p2\" style=\"text-align: justify;\">ai sensi dell\u2019art. 13 del Regolamento UE 2016\/679 sulla protezione dei dati personali (\u201cRegolamento\u201d)<\/p>\n<p class=\"p3\" style=\"text-align: justify;\">La Societ\u00e0 MCYACHT SRL<span class=\"Apple-converted-space\">\u00a0 <\/span>nella persona del legale rappresentante\u00a0<i>ALDO MANNA<\/i>, in qualit\u00e0 di TITOLARE DEL TRATTAMENTO dei dati personali, sensibili o giudiziari (il \u201cTitolare\u201d) ai sensi dell\u2019art. 13 del Regolamento 679\/2016, fornisce le seguenti informazioni definita Informativa Privacy\u201d.<\/p>\n<p class=\"p3\" style=\"text-align: justify;\">Per\u00a0<b>trattamento dei dati personali, sensibili o giudiziari\u00a0<\/b>si intende qualsiasi operazione o insieme di operazioni, compiute con o senza l\u2019ausilio di processi automatizzati e applicate a dati personali, sensibili o giudiziari o insiemi di dati personali, sensibili o giudiziari , come la raccolta, la registrazione, l\u2019organizzazione, la strutturazione, la conservazione, l\u2019adattamento o la modifica, l\u2019estrazione, la consultazione, l\u2019uso, la comunicazione mediante trasmissione, diffusione o qualsiasi altra forma di messa a disposizione, il raffronto o l\u2019interconnessione, la limitazione, la cancellazione o la distruzione.<\/p>\n<p class=\"p2\" style=\"text-align: justify;\">Il trattamento dei dati personali, sensibili o giudiziari \u00e8 improntato ai principi di liceit\u00e0, correttezza e trasparenza; limitazione della finalit\u00e0; minimizzazione dei dati; esattezza; limitazione della conservazione; integrit\u00e0 e riservatezza e si svolge nel rispetto dei diritti, delle libert\u00e0 fondamentali nonch\u00e9 della dignit\u00e0 delle persone.<\/p>\n<p class=\"p4\" style=\"text-align: justify;\"><span class=\"s2\"><b><i>TIPOLOGIA DI DATI TRATTATI, FINALIT\u00c0 E BASE GIURIDICA DEL TRATTAMENTO<\/i><\/b><\/span><\/p>\n<p class=\"p2\" style=\"text-align: justify;\">I dati personali, sensibili o giudiziari conferiti alla nostra Societ\u00e0 anche attraverso differenti forme e modalit\u00e0 quali schede, o modulistica predisposta ad hoc, saranno trattati per tutti gli adempimenti connessi alle richieste che saranno da Voi effettuate e per la conseguente gestione del rapporto lavorativo instaurato nonch\u00e9 per il perseguimento degli scopi e le finalit\u00e0 previste dalla richiesta di rapporto professionale o contrattuale.<\/p>\n<p class=\"p4\" style=\"text-align: justify;\"><span class=\"s2\"><b><i>I DATI CONFERITI POTRANNO ALTRES\u00cc ESSERE TRATTATI PER LE SEGUENTI FINALIT\u00c0:<\/i><\/b><\/span><\/p>\n<ol class=\"ol1\" style=\"text-align: justify;\">\n<li class=\"li3\">gestione dei pagamenti ed eventuale inadempienza (recupero crediti e contenzioso);<\/li>\n<li class=\"li3\">accertare, esercitare o difendere un nostro diritto in sede giudiziaria;<\/li>\n<li class=\"li3\">adempimento di obblighi di legge, di normativa in materia fiscale o contabile (ad esempio fatturazione);<\/li>\n<li class=\"li3\">previo\u00a0<b>specifico e separato consenso<\/b>, per lo svolgimento di attivit\u00e0 di carattere esclusivamente collegate a\u00a0<i>promozione commerciale,\u00a0<\/i>marketing o eventuali attivit\u00e0 di profilazione<i>.<\/i><\/li>\n<\/ol>\n<p class=\"p4\" style=\"text-align: justify;\"><span class=\"s2\"><b><i>IL TRATTAMENTO DEI DATI FORNITI \u00c8 AMMESSO IN QUANTO:<\/i><\/b><\/span><\/p>\n<ul class=\"ul1\" style=\"text-align: justify;\">\n<li class=\"li3\">necessario all\u2019esecuzione del contratto professionale di cui l\u2019interessato \u00e8 parte integrante;<\/li>\n<li class=\"li3\">necessario per adempiere le nostre responsabilit\u00e0 legali e\/o regolamentari, ad esempio in caso di comunicazione alle autorit\u00e0, enti governativi e\/o di regolamentazione;<\/li>\n<li class=\"li3\">necessario per avviare, portare avanti o difendersi in azioni legali;<\/li>\n<li class=\"li3\">per rappresentarvi nelle sedi opportune;<\/li>\n<li class=\"li3\">per adempiere ai differenti atti necessari e previsti dal contratto;<\/li>\n<li class=\"li3\">se necessario basato sul consenso esplicito.<\/li>\n<\/ul>\n<p class=\"p4\" style=\"text-align: justify;\"><span class=\"s2\"><b><i>NATURA DEL CONFERIMENTO DEI DATI E CONSEGUENZE DEL RIFIUTO<\/i><\/b><\/span><\/p>\n<p class=\"p2\" style=\"text-align: justify;\">Il conferimento dei dati, ancorch\u00e9 facoltativo, \u00e8 necessario in relazione alle finalit\u00e0 sopra indicate. Nel caso di trattamento basato sul consenso, tale consenso viene ritenuto necessario. L\u2019eventuale rifiuto, totale o parziale, di corrispondere i dati o di prestare il consenso laddove necessario, comporter\u00e0 l\u2019impossibilit\u00e0 di perseguire le relative finalit\u00e0.<\/p>\n<p class=\"p4\" style=\"text-align: justify;\"><span class=\"s2\"><b><i>MODALIT\u00c0 DI TRATTAMENTO<\/i><\/b><\/span><\/p>\n<p class=\"p2\" style=\"text-align: justify;\">Il trattamento dei dati avviene con o senza l\u2019ausilio di strumenti elettronici, automatizzati, informatici o telematici, con logiche strettamente correlate alle finalit\u00e0 sopra citate. Il trattamento dei dati sar\u00e0 effettuato in modo lecito e secondo correttezza e, comunque, in conformit\u00e0 alla normativa sopra richiamata, mediante strumenti idonei a garantirne la sicurezza e la riservatezza e potr\u00e0 essere effettuato anche attraverso strumenti automatizzati atti a memorizzare, gestire e trasmettere i dati stessi.<\/p>\n<p class=\"p4\" style=\"text-align: justify;\"><span class=\"s2\"><b><i>PERIODO DI CONSERVAZIONE<\/i><\/b><\/span><\/p>\n<p class=\"p2\" style=\"text-align: justify;\">La societ\u00e0 MCYACHT SRL conserva i dati per il periodo necessario all\u2019adempimento di obblighi legali, contrattuali e\/o normativi. Il periodo di conservazione delle informazioni dipende dallo scopo per cui vengono trattati i dati e dagli strumenti con cui tali informazioni sono trattate. I criteri utilizzati per definire il periodo di conservazione sono il tempo necessario al conseguimento della relativa finalit\u00e0, il tempo necessario all\u2019espletamento del rapporto contrattuale, il tempo richiesto dalle leggi applicabili in materia.<\/p>\n<p class=\"p2\" style=\"text-align: justify;\">Al termine del periodo previsto di conservazione i dati saranno cancellati ovvero distrutti in modo sicuro ove possibile, o resi anonimi.<\/p>\n<p class=\"p4\" style=\"text-align: justify;\"><span class=\"s2\"><b><i>COMUNICAZIONE E DIFFUSIONE DEI DATI<\/i><\/b><\/span><\/p>\n<p class=\"p2\" style=\"text-align: justify;\">I dati non saranno diffusi a soggetti non noti. Potranno, invece, essere comunicati, qualora la comunicazione risulti necessaria e\/o funzionale allo svolgimento della nostra attivit\u00e0, nei modi e per le finalit\u00e0 sopra illustrate, a soggetti esterni, i quali effettuano attivit\u00e0 di trattamento in qualit\u00e0 di autonomi titolari oppure in qualit\u00e0 di responsabili, appartenenti alle seguenti categorie:<\/p>\n<ol class=\"ol1\" style=\"text-align: justify;\">\n<li class=\"li3\">studi professionali, di consulenza amministrativa, del lavoro, fiscale, legale e notarile per adempimenti di legge o per accertare, esercitare o difendere un nostro diritto in sede giudiziaria;<\/li>\n<li class=\"li3\">fornitori di servizi informatici;<\/li>\n<li class=\"li3\">enti pubblici e privati, anche a seguito di ispezioni, verifiche, gestione, per adempimenti di obblighi di legge e\/o di disposizioni di organi pubblici (es. amministrazione finanziaria, organi di polizia, autorit\u00e0 giudiziaria).<\/li>\n<\/ol>\n<p class=\"p2\" style=\"text-align: justify;\">I soggetti terzi che trattano dati per conto del TITOLARE sono stati adeguatamente selezionati e valutati e risultano dotati di esperienza, capacit\u00e0 e affidabilit\u00e0 offendo un\u2019idonea garanzia nel pieno rispetto delle vigenti disposizioni in materia di trattamento, ivi compreso il profilo della sicurezza dei dati.<\/p>\n<p class=\"p2\" style=\"text-align: justify;\">Questi sono stati, come previsto dal regolamento, formalmente nominati attraverso uno specifico contratto o atto giuridico conforme al diritto nazionale quali responsabili del trattamento ai sensi dell\u2019art.28 del Regolamento Europeo e sono soggetti ad obblighi contrattuali e normativi al fine di mantenere e garantire la riservatezza dei dati. Periodicamente la societ\u00e0 MCYACHT SRL verifica che i RESPONSABILI abbiano assolto puntualmente i compiti loro affidati e che continuino a prestare idonee garanzie del pieno rispetto delle disposizioni in materia di protezione dei dati personali, sensibili o giudiziari. Avranno, inoltre, unicamente accesso a quelle informazioni necessarie per lo svolgimento delle proprie funzioni.<\/p>\n<p class=\"p2\" style=\"text-align: justify;\">I dati potranno essere comunicati a societ\u00e0 esterne, nominate formalmente con atto responsabili del trattamento, incaricate della fornitura di servizi di supporto che comportano il trattamento dei dati stessi, quali ad esempio servizi legali e recupero del credito, gestione e manutenzione dei sistemi informatici e delle banche dati che includono dati dei clienti, servizi amministrativi e contabili, servizi di assistenza ai clienti.<\/p>\n<p class=\"p3\" style=\"text-align: justify;\">Un elenco di questi responsabili del trattamento \u00e8 sempre disponibile e reperibile contattando la nostra azienda attraverso l\u2019invio di una mail all\u2019indirizzo <a href=\"mailto:info@mcyacht.it\">info@mcyacht.it<\/a><\/p>\n<p class=\"p2\" style=\"text-align: justify;\">Potranno, inoltre, conoscere e trattare i dati i dipendenti e collaboratori del Titolare appositamente autorizzati, ognuno nei limiti delle funzioni e mansioni svolte e secondo le istruzioni indicate nell\u2019atto di designazione.<\/p>\n<p class=\"p3\" style=\"text-align: justify;\"><span class=\"s5\"><b>\u00a0<\/b><\/span><\/p>\n<ul class=\"ul1\" style=\"text-align: justify;\">\n<li class=\"li3\"><b>DIRITTI<\/b><\/li>\n<\/ul>\n<p class=\"p2\" style=\"text-align: justify;\">Il regolamento Europeo prevede nello specifico che gli interessati abbiamo I seguenti diritti:<\/p>\n<ul class=\"ul1\" style=\"text-align: justify;\">\n<li class=\"li3\">Diritti di accesso dell\u2019interessato (ART.15)<\/li>\n<\/ul>\n<p class=\"p2\" style=\"text-align: justify;\">Diritto di accedere e ottenere una copia dei dati: l\u2019interessato ha il diritto di richiedere la conferma del trattamento del dato. In alcuni casi si pu\u00f2 richiedere di fornire una copia elettronica dei dati stessi.<\/p>\n<ul class=\"ul1\" style=\"text-align: justify;\">\n<li class=\"li3\">Diritto di rettifica dei dati (Art.16)<\/li>\n<\/ul>\n<p class=\"p2\" style=\"text-align: justify;\">Nel caso in cui i dati in nostro possesso non siano corretti, esiste la possibilit\u00e0 di richiedere l\u2019aggiornamento di tali dati oppure la loro correzione.<\/p>\n<ul class=\"ul1\" style=\"text-align: justify;\">\n<li class=\"li3\">Diritto alla cancellazione, limitazione del trattamento e diritto all\u2019oblio (Artt. 17 e 18)<\/li>\n<\/ul>\n<p class=\"p2\" style=\"text-align: justify;\">In alcuni caso esiste il diritto di richiedere una limitazione del trattamento dei dati e\/o la cancellazione dei medesimi. Esiste la facolt\u00e0 di presentare la richiesta in qualsiasi momento dove tale diritto \u00e8 soggetto in alcuni casi a diritti o obblighi giuridici e, quindi, potremmo con necessit\u00e0 di dover conservare i dati in questione per un idoneo periodo. Nel caso di correttezza della richiesta ai sensi di legge, di cancellazione dei dati provvederemo immediatamente alla cancellazione del dato.<\/p>\n<ul class=\"ul1\" style=\"text-align: justify;\">\n<li class=\"li3\">Diritto alla portabilit\u00e0 (Art.20)<\/li>\n<\/ul>\n<p class=\"p2\" style=\"text-align: justify;\">In presenza di determinati presupposti, l\u2019interessato ha il diritto di ricevere, in formato strutturato, di uso comune e leggibile da dispositivo automatico, i suoi dati con il diritto che tali dati siano trasmessi direttamente ad altro titolare.<\/p>\n<ul class=\"ul1\" style=\"text-align: justify;\">\n<li class=\"li3\">Diritto di opposizione (Art.21)<\/li>\n<\/ul>\n<p class=\"p2\" style=\"text-align: justify;\">L\u2019interessato ha il diritto di opporsi in qualsiasi momento, per motivi connessi alla Sua situazione particolare, al trattamento dei dati che lo riguardano. In tal caso, ci asterremo dal trattare ulteriormente i dati salvo l\u2019esistenza di motivi legittimi cogenti per procedere al trattamento che prevalgono sui personali, sensibili o giudiziari interessi, diritti e libert\u00e0 oppure per l\u2019accertamento, l\u2019esercizio o la difesa di un diritto in sede giudiziaria.<\/p>\n<p class=\"p2\" style=\"text-align: justify;\">In qualsiasi momento ci si pu\u00f2 opporre al trattamento per le finalit\u00e0 di marketing.<\/p>\n<ul class=\"ul1\" style=\"text-align: justify;\">\n<li class=\"li3\"><span class=\"s5\">Diritto di proporre reclamo all\u2019autorit\u00e0 di controllo (Art.77)<\/span><\/li>\n<\/ul>\n<p class=\"p2\" style=\"text-align: justify;\">Si potr\u00e0 promuovere un reclamo all\u2019autorit\u00e0 di controllo italiana anche per richiedere informazioni in merito all\u2019esercizio dei tuoi diritti.<\/p>\n<p class=\"p3\" style=\"text-align: justify;\"><b>\u00a0<\/b><\/p>\n<ul class=\"ul1\" style=\"text-align: justify;\">\n<li class=\"li3\"><b>REVOCA DEL CONSENSO<\/b><\/li>\n<\/ul>\n<p class=\"p3\" style=\"text-align: justify;\">Si potr\u00e0, in qualsiasi momento, revocare i consensi prestati. Si potr\u00e0 in qualsiasi momento revocare il consenso per le finalit\u00e0 di trattamento dei propri dati sensibili\/giudiziari o ai fini di marketing attraverso le modalit\u00e0 previste o direttamente attraverso l\u2019invio di una mail all\u2019indirizzo <a href=\"mailto:info@mcyacht.it\">info@mcyacht.it<\/a>\u00a0L\u2019eventuale revoca non pregiudicher\u00e0 in nessun modo la liceit\u00e0 del trattamento basato sul consenso prestato prima della revoca dello stesso.<\/p>\n<ul class=\"ul1\" style=\"text-align: justify;\">\n<li class=\"li3\"><b>MODALIT\u00c0 DI ESERCIZIO DEI DIRITTI<\/b><\/li>\n<\/ul>\n<p class=\"p3\" style=\"text-align: justify;\">Si potr\u00e0, in qualsiasi momento, esercitare i propri diritti inviando un messaggio di posta elettronica all\u2019indirizzo e-mail: <a href=\"mailto:info@mcyacht.it\">info@mcyacht.it<\/a><\/p>\n<p class=\"p2\" style=\"text-align: justify;\">Si informa che, in caso di esercizio dei diritti, potremo chiederti di identificarti prima di procedere con la tua richiesta.<\/p>\n<p class=\"p3\" style=\"text-align: justify;\">Per qualunque richiesta, informazione o dubbi si prega di contattarci via e-mail all\u2019indirizzo: <a href=\"mailto:info@mcyacht.it\">info@mcyacht.it<\/a><\/p>\n<ul class=\"ul1\" style=\"text-align: justify;\">\n<li class=\"li3\"><b>CLAUSOLA DI REVISIONE<\/b><\/li>\n<\/ul>\n<p class=\"p3\" style=\"text-align: justify;\">Ci si riserva di rivedere, modificare e\/o semplicemente aggiornare, in tutto e\/o in parte, in qualsiasi modo e\/o in qualsiasi momento, senza preavviso, la presente Informativa Privacy, anche in considerazione di modifiche di norme di legge e\/o di regolamento in materia di protezione dei dati personali, sensibili o giudiziari . Laddove questo fosse il caso, sar\u00e0 nostra premura pubblicare qualsiasi modifica rilevante apportata alla presente Informativa Privacy mediante invio delle informative aggiornate agli indirizzi presenti nella nostra banca dati o mettendoci direttamente in contatto tramite altri canali alternative di comunicazione disponibili.<\/p>\n\n\t\t<\/div>\n\t<\/div>\n<\/div><\/div><\/div><\/div>\n<\/div>","protected":false},"excerpt":{"rendered":"PRIVACY POLICY INFORMATIVA SUL TRATTAMENTO DEI DATI PERSONALI ai sensi dell\u2019art. 13 del Regolamento UE 2016\/679 sulla protezione dei dati personali (\u201cRegolamento\u201d) La Societ\u00e0 MCYACHT SRL\u00a0 nella persona del legale rappresentante\u00a0ALDO MANNA, in qualit\u00e0 di TITOLARE DEL TRATTAMENTO dei dati personali, sensibili o giudiziari (il \u201cTitolare\u201d) ai sensi dell\u2019art. 13 del Regolamento 679\/2016, fornisce le&hellip;","protected":false},"author":1,"featured_media":0,"parent":0,"menu_order":0,"comment_status":"closed","ping_status":"closed","template":"","meta":{"_acf_changed":false,"footnotes":""},"class_list":["post-1267","page","type-page","status-publish","hentry","entry","no-media"],"acf":[],"_links":{"self":[{"href":"https:\/\/www.mcyacht.it\/en\/wp-json\/wp\/v2\/pages\/1267","targetHints":{"allow":["GET"]}}],"collection":[{"href":"https:\/\/www.mcyacht.it\/en\/wp-json\/wp\/v2\/pages"}],"about":[{"href":"https:\/\/www.mcyacht.it\/en\/wp-json\/wp\/v2\/types\/page"}],"author":[{"embeddable":true,"href":"https:\/\/www.mcyacht.it\/en\/wp-json\/wp\/v2\/users\/1"}],"replies":[{"embeddable":true,"href":"https:\/\/www.mcyacht.it\/en\/wp-json\/wp\/v2\/comments?post=1267"}],"version-history":[{"count":3,"href":"https:\/\/www.mcyacht.it\/en\/wp-json\/wp\/v2\/pages\/1267\/revisions"}],"predecessor-version":[{"id":2291,"href":"https:\/\/www.mcyacht.it\/en\/wp-json\/wp\/v2\/pages\/1267\/revisions\/2291"}],"wp:attachment":[{"href":"https:\/\/www.mcyacht.it\/en\/wp-json\/wp\/v2\/media?parent=1267"}],"curies":[{"name":"wp","href":"https:\/\/api.w.org\/{rel}","templated":true}]}}